{"id":816,"date":"2022-12-09T00:54:34","date_gmt":"2022-12-09T00:54:34","guid":{"rendered":"https:\/\/sitioagatha.org\/?page_id=816"},"modified":"2025-06-20T14:23:26","modified_gmt":"2025-06-20T14:23:26","slug":"diretoria","status":"publish","type":"page","link":"https:\/\/sitioagatha.org\/?page_id=816","title":{"rendered":"Diretoria"},"content":{"rendered":"\n<p><em>Mandato 2023 &#8211; 2027<\/em><\/p>\n\n\n\n<p>Presidenta: Luiza Cavalcante Santos Dias<\/p>\n\n\n\n<p>Vice-presidenta: Dandara de Oliveira Marques<\/p>\n\n\n\n<p>Secret\u00e1ria: Laurenice Cavalcanti Santos<\/p>\n\n\n\n<p>Secret\u00e1ria: \u00c2ngela Maria Borges do Nascimento<\/p>\n\n\n\n<p>Tesoureira: Nzinga Cavalcante de Lima Dias<\/p>\n\n\n\n<p>Tesoureira: Melinda Karla de Lima Silva<\/p>\n\n\n\n<p><em>Conselho Fiscal:<\/em><\/p>\n\n\n\n<p>\u00canio de Lima Arimat\u00e9ia, Lucas de Mendon\u00e7a Fortunato e Luis Ant\u00f4nio da Silva Soares.<\/p>\n\n\n\n<p><\/p>\n\n\n\n<p><\/p>\n\n\n\n<p><em>Mandato 2019 &#8211; 2023<\/em><\/p>\n\n\n\n<p>Presidenta: Luiza Cavalcante Santos Dias<\/p>\n\n\n\n<p>Vice-presidenta: Jacqueline Martins Alves Correia<\/p>\n\n\n\n<p>Secret\u00e1ria: Maria M\u00f4nica Monteiro da Silva<\/p>\n\n\n\n<p>Secret\u00e1ria: Ana Cec\u00edlia Rodrigues dos Santos Godoi<\/p>\n\n\n\n<p>Tesoureira: Nzinga Cavalcante de Lima Dias<\/p>\n\n\n\n<p>Tesoureira: Adriana Virg\u00ednia do Nascimento Mendes<\/p>\n\n\n\n<p><\/p>\n","protected":false},"excerpt":{"rendered":"<p>Mandato 2023 &#8211; 2027 Presidenta: Luiza Cavalcante Santos Dias Vice-presidenta: Dandara de Oliveira Marques Secret\u00e1ria: Laurenice Cavalcanti Santos Secret\u00e1ria: \u00c2ngela Maria Borges do Nascimento Tesoureira: Nzinga Cavalcante de Lima Dias Tesoureira: Melinda Karla de Lima Silva Conselho Fiscal: \u00canio de Lima Arimat\u00e9ia, Lucas de Mendon\u00e7a Fortunato e Luis Ant\u00f4nio da Silva Soares. Mandato 2019 &#8211; 2023 Presidenta: Luiza Cavalcante Santos [&hellip;]<\/p>\n","protected":false},"author":1,"featured_media":0,"parent":0,"menu_order":0,"comment_status":"closed","ping_status":"closed","template":"","meta":[],"_links":{"self":[{"href":"https:\/\/sitioagatha.org\/index.php?rest_route=\/wp\/v2\/pages\/816"}],"collection":[{"href":"https:\/\/sitioagatha.org\/index.php?rest_route=\/wp\/v2\/pages"}],"about":[{"href":"https:\/\/sitioagatha.org\/index.php?rest_route=\/wp\/v2\/types\/page"}],"author":[{"embeddable":true,"href":"https:\/\/sitioagatha.org\/index.php?rest_route=\/wp\/v2\/users\/1"}],"replies":[{"embeddable":true,"href":"https:\/\/sitioagatha.org\/index.php?rest_route=%2Fwp%2Fv2%2Fcomments&post=816"}],"version-history":[{"count":5,"href":"https:\/\/sitioagatha.org\/index.php?rest_route=\/wp\/v2\/pages\/816\/revisions"}],"predecessor-version":[{"id":1326,"href":"https:\/\/sitioagatha.org\/index.php?rest_route=\/wp\/v2\/pages\/816\/revisions\/1326"}],"wp:attachment":[{"href":"https:\/\/sitioagatha.org\/index.php?rest_route=%2Fwp%2Fv2%2Fmedia&parent=816"}],"curies":[{"name":"wp","href":"https:\/\/api.w.org\/{rel}","templated":true}]}}