{"id":604,"date":"2022-08-11T00:26:55","date_gmt":"2022-08-11T00:26:55","guid":{"rendered":"https:\/\/sitioagatha.org\/?page_id=604"},"modified":"2022-12-27T21:29:32","modified_gmt":"2022-12-27T21:29:32","slug":"linha-do-tempo","status":"publish","type":"page","link":"https:\/\/sitioagatha.org\/?page_id=604","title":{"rendered":"Linha do tempo"},"content":{"rendered":"<div id=\"tb_post_layouts-5246189a-97ca-4700-8b9b-c88b524de5f7\" class=\"tb-timeline-template1 align-center\"><div class=\"tb-timeline\"><article class=\"no-thumb tb-timeline-item\"><div class=\"tb-timeline-content\"><div class=\"tb-first-inner-wrap\"><div class=\"tb-timeline-title-wrap\"><h2 class=\"tb-title\"><a href=\"https:\/\/sitioagatha.org\/?p=845\" rel=\"bookmark\" class=\"tb-timeline-title tb-layout-1\">1997 \u2013 09\/02<\/a><\/h2><\/div><div class=\"tb-timeline-second-content-wrap\" ><div class=\"tb-content-wrap\" ><div class=\"tb-category-link-wraper\"><\/div><div class=\"tb-timeline-byline\"> <div class=\"tb-timeline-metadatabox\"><div class=\"tb-timeline-text\"><div class=\"tb-timeline-excerpt\"><p>Ocupa\u00e7\u00e3o do latif\u00fandio complexo Prado por um grupo de 350 fam\u00edlias, organizadas pela Comiss\u00e3o Pastoral da terra.Acampamento na beira da estrada.Organiza\u00e7\u00e3o.Resist\u00eancia.Escola dos Sem terrinha. Plantios.<\/p>\n<\/div><\/div><div class=\"tb-timeline-bototm-wrap\"><div class=\"tb-timeline-social-wrap\"><div class=\"social-share-data\"><\/div><\/div><\/div><\/div><\/article>\n<article class=\"no-thumb tb-timeline-item\"><div class=\"tb-timeline-content\"><div class=\"tb-first-inner-wrap\"><div class=\"tb-timeline-title-wrap\"><h2 class=\"tb-title\"><a href=\"https:\/\/sitioagatha.org\/?p=854\" rel=\"bookmark\" class=\"tb-timeline-title tb-layout-1\">2003<\/a><\/h2><\/div><div class=\"tb-timeline-second-content-wrap\" ><div class=\"tb-content-wrap\" ><div class=\"tb-category-link-wraper\"><\/div><div class=\"tb-timeline-byline\"> <div class=\"tb-timeline-metadatabox\"><div class=\"tb-timeline-text\"><div class=\"tb-timeline-excerpt\"><p>Assentamento Nova Cana\u00e3.Despejos e repress\u00e3o.Viagem Bras\u00edlia \u2013 encontro com Lula.<\/p>\n<\/div><\/div><div class=\"tb-timeline-bototm-wrap\"><div class=\"tb-timeline-social-wrap\"><div class=\"social-share-data\"><\/div><\/div><\/div><\/div><\/article>\n<article class=\"no-thumb tb-timeline-item\"><div class=\"tb-timeline-content\"><div class=\"tb-first-inner-wrap\"><div class=\"tb-timeline-title-wrap\"><h2 class=\"tb-title\"><a href=\"https:\/\/sitioagatha.org\/?p=856\" rel=\"bookmark\" class=\"tb-timeline-title tb-layout-1\">2004<\/a><\/h2><\/div><div class=\"tb-timeline-second-content-wrap\" ><div class=\"tb-content-wrap\" ><div class=\"tb-category-link-wraper\"><\/div><div class=\"tb-timeline-byline\"> <div class=\"tb-timeline-metadatabox\"><div class=\"tb-timeline-text\"><div class=\"tb-timeline-excerpt\"><p>Acampamentos as margens da PE 41, no portal de Ara\u00e7oiaba.Turmas de EJA no acampamento, com apoio da Prefeitura de Tracunha\u00e9m.Idas a Bras\u00edlia.Apoios internacionais.Presen\u00e7as fortes dos&hellip;<\/p>\n<\/div><\/div><div class=\"tb-timeline-bototm-wrap\"><div class=\"tb-timeline-social-wrap\"><div class=\"social-share-data\"><\/div><\/div><\/div><\/div><\/article>\n<article class=\"no-thumb tb-timeline-item\"><div class=\"tb-timeline-content\"><div class=\"tb-first-inner-wrap\"><div class=\"tb-timeline-title-wrap\"><h2 class=\"tb-title\"><a href=\"https:\/\/sitioagatha.org\/?p=867\" rel=\"bookmark\" class=\"tb-timeline-title tb-layout-1\">2005<\/a><\/h2><\/div><div class=\"tb-timeline-second-content-wrap\" ><div class=\"tb-content-wrap\" ><div class=\"tb-category-link-wraper\"><\/div><div class=\"tb-timeline-byline\"> <div class=\"tb-timeline-metadatabox\"><div class=\"tb-timeline-text\"><div class=\"tb-timeline-excerpt\"><p>Plantio da resist\u00eancia, no meio das canas.Comiss\u00e3o permanente em Bras\u00edlia, para acompanhar julgamento do Processo de Posse no STF.Posse da terra.Desenho da agrovila.<\/p>\n<\/div><\/div><div class=\"tb-timeline-bototm-wrap\"><div class=\"tb-timeline-social-wrap\"><div class=\"social-share-data\"><\/div><\/div><\/div><\/div><\/article>\n<article class=\"no-thumb tb-timeline-item\"><div class=\"tb-timeline-content\"><div class=\"tb-first-inner-wrap\"><div class=\"tb-timeline-title-wrap\"><h2 class=\"tb-title\"><a href=\"https:\/\/sitioagatha.org\/?p=869\" rel=\"bookmark\" class=\"tb-timeline-title tb-layout-1\">2006<\/a><\/h2><\/div><div class=\"tb-timeline-second-content-wrap\" ><div class=\"tb-content-wrap\" ><div class=\"tb-category-link-wraper\"><\/div><div class=\"tb-timeline-byline\"> <div class=\"tb-timeline-metadatabox\"><div class=\"tb-timeline-text\"><div class=\"tb-timeline-excerpt\"><p>Mutir\u00e3o de Plantio de cercas vivas &#8211; presen\u00e7a de jovens das Universidades de Recife.Mutir\u00e3o de constru\u00e7\u00e3o de casas de taipa.Agrofloresta no S\u00edtio &#8211; arrancando a&hellip;<\/p>\n<\/div><\/div><div class=\"tb-timeline-bototm-wrap\"><div class=\"tb-timeline-social-wrap\"><div class=\"social-share-data\"><\/div><\/div><\/div><\/div><\/article>\n<article class=\"no-thumb tb-timeline-item\"><div class=\"tb-timeline-content\"><div class=\"tb-first-inner-wrap\"><div class=\"tb-timeline-title-wrap\"><h2 class=\"tb-title\"><a href=\"https:\/\/sitioagatha.org\/?p=871\" rel=\"bookmark\" class=\"tb-timeline-title tb-layout-1\">2007<\/a><\/h2><\/div><div class=\"tb-timeline-second-content-wrap\" ><div class=\"tb-content-wrap\" ><div class=\"tb-category-link-wraper\"><\/div><div class=\"tb-timeline-byline\"> <div class=\"tb-timeline-metadatabox\"><div class=\"tb-timeline-text\"><div class=\"tb-timeline-excerpt\"><p>Luiza no curso de Educadora Social &#8211; Trapeiros de Ema\u00fas\/Ipsia.Apoiador de Trapeiros doa recursos pra 4 cisternas na comunidade.<\/p>\n<\/div><\/div><div class=\"tb-timeline-bototm-wrap\"><div class=\"tb-timeline-social-wrap\"><div class=\"social-share-data\"><\/div><\/div><\/div><\/div><\/article>\n<article class=\"no-thumb tb-timeline-item\"><div class=\"tb-timeline-content\"><div class=\"tb-first-inner-wrap\"><div class=\"tb-timeline-title-wrap\"><h2 class=\"tb-title\"><a href=\"https:\/\/sitioagatha.org\/?p=873\" rel=\"bookmark\" class=\"tb-timeline-title tb-layout-1\">2008<\/a><\/h2><\/div><div class=\"tb-timeline-second-content-wrap\" ><div class=\"tb-content-wrap\" ><div class=\"tb-category-link-wraper\"><\/div><div class=\"tb-timeline-byline\"> <div class=\"tb-timeline-metadatabox\"><div class=\"tb-timeline-text\"><div class=\"tb-timeline-excerpt\"><p>Parcelamento do INCRA.Constru\u00e7\u00e3o das casas em alvenaria &#8211; INCRA repassa 5 mil reais pra constru\u00e7\u00e3o.Interc\u00e2mbios com o GT Mulheres da ANA.Luiza e Marli Gondim viajam&hellip;<\/p>\n<\/div><\/div><div class=\"tb-timeline-bototm-wrap\"><div class=\"tb-timeline-social-wrap\"><div class=\"social-share-data\"><\/div><\/div><\/div><\/div><\/article>\n<article class=\"no-thumb tb-timeline-item\"><div class=\"tb-timeline-content\"><div class=\"tb-first-inner-wrap\"><div class=\"tb-timeline-title-wrap\"><h2 class=\"tb-title\"><a href=\"https:\/\/sitioagatha.org\/?p=875\" rel=\"bookmark\" class=\"tb-timeline-title tb-layout-1\">2009<\/a><\/h2><\/div><div class=\"tb-timeline-second-content-wrap\" ><div class=\"tb-content-wrap\" ><div class=\"tb-category-link-wraper\"><\/div><div class=\"tb-timeline-byline\"> <div class=\"tb-timeline-metadatabox\"><div class=\"tb-timeline-text\"><div class=\"tb-timeline-excerpt\"><p>01 de Janeiro &#8211; inc\u00eandio queima toda a parcela do S\u00edtio (ainda sem nome).Ida ao F\u00f3rum Social Mundial do Par\u00e1.Mutir\u00e3o para reflorestar a Parcela -&hellip;<\/p>\n<\/div><\/div><div class=\"tb-timeline-bototm-wrap\"><div class=\"tb-timeline-social-wrap\"><div class=\"social-share-data\"><\/div><\/div><\/div><\/div><\/article>\n<article class=\"no-thumb tb-timeline-item\"><div class=\"tb-timeline-content\"><div class=\"tb-first-inner-wrap\"><div class=\"tb-timeline-title-wrap\"><h2 class=\"tb-title\"><a href=\"https:\/\/sitioagatha.org\/?p=881\" rel=\"bookmark\" class=\"tb-timeline-title tb-layout-1\">2010<\/a><\/h2><\/div><div class=\"tb-timeline-second-content-wrap\" ><div class=\"tb-content-wrap\" ><div class=\"tb-category-link-wraper\"><\/div><div class=\"tb-timeline-byline\"> <div class=\"tb-timeline-metadatabox\"><div class=\"tb-timeline-text\"><div class=\"tb-timeline-excerpt\"><p>Lan\u00e7amento do Livro Mulheres e Agroecologia &#8211; Sistematiza\u00e7\u00e3o de experiencias de mulheres agricultoras &#8211; Luiza apresenta sua experiencia nesse livro.Mutir\u00f5es.<\/p>\n<\/div><\/div><div class=\"tb-timeline-bototm-wrap\"><div class=\"tb-timeline-social-wrap\"><div class=\"social-share-data\"><\/div><\/div><\/div><\/div><\/article>\n<article class=\"no-thumb tb-timeline-item\"><div class=\"tb-timeline-content\"><div class=\"tb-first-inner-wrap\"><div class=\"tb-timeline-title-wrap\"><h2 class=\"tb-title\"><a href=\"https:\/\/sitioagatha.org\/?p=883\" rel=\"bookmark\" class=\"tb-timeline-title tb-layout-1\">2011<\/a><\/h2><\/div><div class=\"tb-timeline-second-content-wrap\" ><div class=\"tb-content-wrap\" ><div class=\"tb-category-link-wraper\"><\/div><div class=\"tb-timeline-byline\"> <div class=\"tb-timeline-metadatabox\"><div class=\"tb-timeline-text\"><div class=\"tb-timeline-excerpt\"><p>Nascimento de \u00c1gatha Vit\u00f3ria &#8211; filha de Nzinga. 5\u00b0 e 6\u00b0 gera\u00e7\u00e3o de mulheres do Povo Nbundo, vivendo em di\u00e1spora.<\/p>\n<\/div><\/div><div class=\"tb-timeline-bototm-wrap\"><div class=\"tb-timeline-social-wrap\"><div class=\"social-share-data\"><\/div><\/div><\/div><\/div><\/article>\n<article class=\"no-thumb tb-timeline-item\"><div class=\"tb-timeline-content\"><div class=\"tb-first-inner-wrap\"><div class=\"tb-timeline-title-wrap\"><h2 class=\"tb-title\"><a href=\"https:\/\/sitioagatha.org\/?p=885\" rel=\"bookmark\" class=\"tb-timeline-title tb-layout-1\">2012<\/a><\/h2><\/div><div class=\"tb-timeline-second-content-wrap\" ><div class=\"tb-content-wrap\" ><div class=\"tb-category-link-wraper\"><\/div><div class=\"tb-timeline-byline\"> <div class=\"tb-timeline-metadatabox\"><div class=\"tb-timeline-text\"><div class=\"tb-timeline-excerpt\"><p>Luiza vai ao Rio de Janeiro &#8211; encontro da Comiss\u00e3o de Meio Ambiente da AMB &#8211; Articula\u00e7\u00e3o de Mulheres Brasileiras.Inscri\u00e7\u00e3o coletiva pro curso T\u00e9cnico do&hellip;<\/p>\n<\/div><\/div><div class=\"tb-timeline-bototm-wrap\"><div class=\"tb-timeline-social-wrap\"><div class=\"social-share-data\"><\/div><\/div><\/div><\/div><\/article>\n<article class=\"no-thumb tb-timeline-item\"><div class=\"tb-timeline-content\"><div class=\"tb-first-inner-wrap\"><div class=\"tb-timeline-title-wrap\"><h2 class=\"tb-title\"><a href=\"https:\/\/sitioagatha.org\/?p=887\" rel=\"bookmark\" class=\"tb-timeline-title tb-layout-1\">2013<\/a><\/h2><\/div><div class=\"tb-timeline-second-content-wrap\" ><div class=\"tb-content-wrap\" ><div class=\"tb-category-link-wraper\"><\/div><div class=\"tb-timeline-byline\"> <div class=\"tb-timeline-metadatabox\"><div class=\"tb-timeline-text\"><div class=\"tb-timeline-excerpt\"><p>Mutir\u00f5es acontecem primeiro s\u00e1bado de cada m\u00eas.Visita Polo da Borborema para conhecer o Banco de Sementes da Paix\u00e3o &#8211; a\u00e7\u00e3o conjunta com o NAC-UFRPE.<\/p>\n<\/div><\/div><div class=\"tb-timeline-bototm-wrap\"><div class=\"tb-timeline-social-wrap\"><div class=\"social-share-data\"><\/div><\/div><\/div><\/div><\/article>\n<article class=\"no-thumb tb-timeline-item\"><div class=\"tb-timeline-content\"><div class=\"tb-first-inner-wrap\"><div class=\"tb-timeline-title-wrap\"><h2 class=\"tb-title\"><a href=\"https:\/\/sitioagatha.org\/?p=889\" rel=\"bookmark\" class=\"tb-timeline-title tb-layout-1\">2014<\/a><\/h2><\/div><div class=\"tb-timeline-second-content-wrap\" ><div class=\"tb-content-wrap\" ><div class=\"tb-category-link-wraper\"><\/div><div class=\"tb-timeline-byline\"> <div class=\"tb-timeline-metadatabox\"><div class=\"tb-timeline-text\"><div class=\"tb-timeline-excerpt\"><p>Luiza ingressa no SERTA para fazer o curso de t\u00e9cnica em Agroecologia.Mutir\u00f5es acontecem primeiro s\u00e1bado de cada m\u00eas.Cria\u00e7\u00e3o da Cooperativa de Estudos Margarida Alves \u2013&hellip;<\/p>\n<\/div><\/div><div class=\"tb-timeline-bototm-wrap\"><div class=\"tb-timeline-social-wrap\"><div class=\"social-share-data\"><\/div><\/div><\/div><\/div><\/article>\n<article class=\"no-thumb tb-timeline-item\"><div class=\"tb-timeline-content\"><div class=\"tb-first-inner-wrap\"><div class=\"tb-timeline-title-wrap\"><h2 class=\"tb-title\"><a href=\"https:\/\/sitioagatha.org\/?p=891\" rel=\"bookmark\" class=\"tb-timeline-title tb-layout-1\">2015<\/a><\/h2><\/div><div class=\"tb-timeline-second-content-wrap\" ><div class=\"tb-content-wrap\" ><div class=\"tb-category-link-wraper\"><\/div><div class=\"tb-timeline-byline\"> <div class=\"tb-timeline-metadatabox\"><div class=\"tb-timeline-text\"><div class=\"tb-timeline-excerpt\"><p>Luiza se forma como t\u00e9cnica em Agroecologia no SERTA.Oficinas de Audiovisual e fotografia em Nova Cana\u00e3 \u2013 Cinema uma vez por m\u00eas.Pre-vestibular em Belo Oriente.<\/p>\n<\/div><\/div><div class=\"tb-timeline-bototm-wrap\"><div class=\"tb-timeline-social-wrap\"><div class=\"social-share-data\"><\/div><\/div><\/div><\/div><\/article>\n<article class=\"no-thumb tb-timeline-item\"><div class=\"tb-timeline-content\"><div class=\"tb-first-inner-wrap\"><div class=\"tb-timeline-title-wrap\"><h2 class=\"tb-title\"><a href=\"https:\/\/sitioagatha.org\/?p=893\" rel=\"bookmark\" class=\"tb-timeline-title tb-layout-1\">2016<\/a><\/h2><\/div><div class=\"tb-timeline-second-content-wrap\" ><div class=\"tb-content-wrap\" ><div class=\"tb-category-link-wraper\"><\/div><div class=\"tb-timeline-byline\"> <div class=\"tb-timeline-metadatabox\"><div class=\"tb-timeline-text\"><div class=\"tb-timeline-excerpt\"><p>REGA-NE , promove o Sement\u00e1rio no S\u00edtio \u00c1gatha.Mutir\u00f5es de plantio e permacultura<\/p>\n<\/div><\/div><div class=\"tb-timeline-bototm-wrap\"><div class=\"tb-timeline-social-wrap\"><div class=\"social-share-data\"><\/div><\/div><\/div><\/div><\/article>\n<article class=\"no-thumb tb-timeline-item\"><div class=\"tb-timeline-content\"><div class=\"tb-first-inner-wrap\"><div class=\"tb-timeline-title-wrap\"><h2 class=\"tb-title\"><a href=\"https:\/\/sitioagatha.org\/?p=999\" rel=\"bookmark\" class=\"tb-timeline-title tb-layout-1\">2017<\/a><\/h2><\/div><div class=\"tb-timeline-second-content-wrap\" ><div class=\"tb-content-wrap\" ><div class=\"tb-category-link-wraper\"><\/div><div class=\"tb-timeline-byline\"> <div class=\"tb-timeline-metadatabox\"><div class=\"tb-timeline-text\"><div class=\"tb-timeline-excerpt\"><p>S\u00edtio \u00c1gatha vai pro ERGA\/ ENGA na Universidade de Bananeiras, PB Luiza vai pro CBA &#8211; Congresso Brasileiro de Agroecologia, em Bras\u00edlia<\/p>\n<\/div><\/div><div class=\"tb-timeline-bototm-wrap\"><div class=\"tb-timeline-social-wrap\"><div class=\"social-share-data\"><\/div><\/div><\/div><\/div><\/article>\n<article class=\"no-thumb tb-timeline-item\"><div class=\"tb-timeline-content\"><div class=\"tb-first-inner-wrap\"><div class=\"tb-timeline-title-wrap\"><h2 class=\"tb-title\"><a href=\"https:\/\/sitioagatha.org\/?p=1001\" rel=\"bookmark\" class=\"tb-timeline-title tb-layout-1\">2018<\/a><\/h2><\/div><div class=\"tb-timeline-second-content-wrap\" ><div class=\"tb-content-wrap\" ><div class=\"tb-category-link-wraper\"><\/div><div class=\"tb-timeline-byline\"> <div class=\"tb-timeline-metadatabox\"><div class=\"tb-timeline-text\"><div class=\"tb-timeline-excerpt\"><p>Aprovadas no edital do Fundo Baob\u00e1 \u2013Projeto Crioulas semeando Assembl\u00e9ia Nacional da AMNB &#8211; Articula\u00e7\u00e3o de Organiza\u00e7\u00f5es de Mulheres Negras Brasileiras, a Associa\u00e7\u00e3o Sitio \u00c1gatha,&hellip;<\/p>\n<\/div><\/div><div class=\"tb-timeline-bototm-wrap\"><div class=\"tb-timeline-social-wrap\"><div class=\"social-share-data\"><\/div><\/div><\/div><\/div><\/article>\n<article class=\"no-thumb tb-timeline-item\"><div class=\"tb-timeline-content\"><div class=\"tb-first-inner-wrap\"><div class=\"tb-timeline-title-wrap\"><h2 class=\"tb-title\"><a href=\"https:\/\/sitioagatha.org\/?p=1003\" rel=\"bookmark\" class=\"tb-timeline-title tb-layout-1\">2019<\/a><\/h2><\/div><div class=\"tb-timeline-second-content-wrap\" ><div class=\"tb-content-wrap\" ><div class=\"tb-category-link-wraper\"><\/div><div class=\"tb-timeline-byline\"> <div class=\"tb-timeline-metadatabox\"><div class=\"tb-timeline-text\"><div class=\"tb-timeline-excerpt\"><p>Cria\u00e7\u00e3o da Associa\u00e7\u00e3o de Educa\u00e7\u00e3o, Arte, Cultura e Agroecologia S\u00edtio \u00c1gatha. Eleita a primeira comiss\u00e3o diretiva. Instala\u00e7\u00e3o de Linha de Transmiss\u00e3o que rasga a parcela&hellip;<\/p>\n<\/div><\/div><div class=\"tb-timeline-bototm-wrap\"><div class=\"tb-timeline-social-wrap\"><div class=\"social-share-data\"><\/div><\/div><\/div><\/div><\/article>\n<article class=\"no-thumb tb-timeline-item\"><div class=\"tb-timeline-content\"><div class=\"tb-first-inner-wrap\"><div class=\"tb-timeline-title-wrap\"><h2 class=\"tb-title\"><a href=\"https:\/\/sitioagatha.org\/?p=1005\" rel=\"bookmark\" class=\"tb-timeline-title tb-layout-1\">2020<\/a><\/h2><\/div><div class=\"tb-timeline-second-content-wrap\" ><div class=\"tb-content-wrap\" ><div class=\"tb-category-link-wraper\"><\/div><div class=\"tb-timeline-byline\"> <div class=\"tb-timeline-metadatabox\"><div class=\"tb-timeline-text\"><div class=\"tb-timeline-excerpt\"><p>Pandemia da Covid-19. Projeto de cestas b\u00e1sicas para entregar nas comunidades &#8211; Fundo Brasil. Enfrentamento \u00e0 linha de transmiss\u00e3o. Projeto Interc\u00e2mbios Agroecol\u00f3gicos \u2013 Fundo Casa&hellip;<\/p>\n<\/div><\/div><div class=\"tb-timeline-bototm-wrap\"><div class=\"tb-timeline-social-wrap\"><div class=\"social-share-data\"><\/div><\/div><\/div><\/div><\/article>\n<article class=\"no-thumb tb-timeline-item\"><div class=\"tb-timeline-content\"><div class=\"tb-first-inner-wrap\"><div class=\"tb-timeline-title-wrap\"><h2 class=\"tb-title\"><a href=\"https:\/\/sitioagatha.org\/?p=1007\" rel=\"bookmark\" class=\"tb-timeline-title tb-layout-1\">2021<\/a><\/h2><\/div><div class=\"tb-timeline-second-content-wrap\" ><div class=\"tb-content-wrap\" ><div class=\"tb-category-link-wraper\"><\/div><div class=\"tb-timeline-byline\"> <div class=\"tb-timeline-metadatabox\"><div class=\"tb-timeline-text\"><div class=\"tb-timeline-excerpt\"><p>Projeto Transmitindo Resist\u00eancia &#8211; Fundo Casa Socioambiental. Aprova\u00e7\u00e3o do Projeto Fortalecendo La\u00e7os Quilombolas com apoio da Lei Aldir Blanc. Aprova\u00e7\u00e3o do projeto Elas perif\u00e9ricas \u2013&hellip;<\/p>\n<\/div><\/div><div class=\"tb-timeline-bototm-wrap\"><div class=\"tb-timeline-social-wrap\"><div class=\"social-share-data\"><\/div><\/div><\/div><\/div><\/article>\n<article class=\"no-thumb tb-timeline-item\"><div class=\"tb-timeline-content\"><div class=\"tb-first-inner-wrap\"><div class=\"tb-timeline-title-wrap\"><h2 class=\"tb-title\"><a href=\"https:\/\/sitioagatha.org\/?p=1010\" rel=\"bookmark\" class=\"tb-timeline-title tb-layout-1\">2022<\/a><\/h2><\/div><div class=\"tb-timeline-second-content-wrap\" ><div class=\"tb-content-wrap\" ><div class=\"tb-category-link-wraper\"><\/div><div class=\"tb-timeline-byline\"> <div class=\"tb-timeline-metadatabox\"><div class=\"tb-timeline-text\"><div class=\"tb-timeline-excerpt\"><p>Nzinga entra na Universidade Federal Rural de Pernambuco para estudar Bacharelado em Agroecologia, Campesinato e Educa\u00e7\u00e3o Popular. Projeto Transmitindo Resist\u00eancia \u2013 segunda fase \u2013 Fundo&hellip;<\/p>\n<\/div><\/div><div class=\"tb-timeline-bototm-wrap\"><div class=\"tb-timeline-social-wrap\"><div class=\"social-share-data\"><\/div><\/div><\/div><\/div><\/article>\n<\/div><\/div>","protected":false},"excerpt":{"rendered":"","protected":false},"author":1,"featured_media":0,"parent":0,"menu_order":0,"comment_status":"closed","ping_status":"closed","template":"","meta":[],"_links":{"self":[{"href":"https:\/\/sitioagatha.org\/index.php?rest_route=\/wp\/v2\/pages\/604"}],"collection":[{"href":"https:\/\/sitioagatha.org\/index.php?rest_route=\/wp\/v2\/pages"}],"about":[{"href":"https:\/\/sitioagatha.org\/index.php?rest_route=\/wp\/v2\/types\/page"}],"author":[{"embeddable":true,"href":"https:\/\/sitioagatha.org\/index.php?rest_route=\/wp\/v2\/users\/1"}],"replies":[{"embeddable":true,"href":"https:\/\/sitioagatha.org\/index.php?rest_route=%2Fwp%2Fv2%2Fcomments&post=604"}],"version-history":[{"count":14,"href":"https:\/\/sitioagatha.org\/index.php?rest_route=\/wp\/v2\/pages\/604\/revisions"}],"predecessor-version":[{"id":982,"href":"https:\/\/sitioagatha.org\/index.php?rest_route=\/wp\/v2\/pages\/604\/revisions\/982"}],"wp:attachment":[{"href":"https:\/\/sitioagatha.org\/index.php?rest_route=%2Fwp%2Fv2%2Fmedia&parent=604"}],"curies":[{"name":"wp","href":"https:\/\/api.w.org\/{rel}","templated":true}]}}