{"id":477,"date":"2022-07-19T23:52:56","date_gmt":"2022-07-19T23:52:56","guid":{"rendered":"https:\/\/sitioagatha.org\/?page_id=477"},"modified":"2022-10-06T19:15:47","modified_gmt":"2022-10-06T19:15:47","slug":"afroecologia","status":"publish","type":"page","link":"https:\/\/sitioagatha.org\/?page_id=477","title":{"rendered":"Afroecologia"},"content":{"rendered":"\n<p>O termo \u201cAfroecologia\u201d \u00e9 um conceito adotado pelas mulheres do S\u00edtio Agatha, Lu\u00edza e Nzinga Cavalcante. Devido a sua ancestralidade, e por entenderem que muito do que se divulga hoje sobre agroecologia, na verdade, s\u00e3o pr\u00e1ticas milenares desenvolvidas pelos ind\u00edgenas e pelo povo preto de \u00c1frica, por isso o \u201cafro\u201d].<\/p>\n","protected":false},"excerpt":{"rendered":"<p>O termo \u201cAfroecologia\u201d \u00e9 um conceito adotado pelas mulheres do S\u00edtio Agatha, Lu\u00edza e Nzinga Cavalcante. Devido a sua ancestralidade, e por entenderem que muito do que se divulga hoje sobre agroecologia, na verdade, s\u00e3o pr\u00e1ticas milenares desenvolvidas pelos ind\u00edgenas e pelo povo preto de \u00c1frica, por isso o \u201cafro\u201d].<\/p>\n","protected":false},"author":1,"featured_media":573,"parent":0,"menu_order":0,"comment_status":"closed","ping_status":"closed","template":"","meta":[],"_links":{"self":[{"href":"https:\/\/sitioagatha.org\/index.php?rest_route=\/wp\/v2\/pages\/477"}],"collection":[{"href":"https:\/\/sitioagatha.org\/index.php?rest_route=\/wp\/v2\/pages"}],"about":[{"href":"https:\/\/sitioagatha.org\/index.php?rest_route=\/wp\/v2\/types\/page"}],"author":[{"embeddable":true,"href":"https:\/\/sitioagatha.org\/index.php?rest_route=\/wp\/v2\/users\/1"}],"replies":[{"embeddable":true,"href":"https:\/\/sitioagatha.org\/index.php?rest_route=%2Fwp%2Fv2%2Fcomments&post=477"}],"version-history":[{"count":7,"href":"https:\/\/sitioagatha.org\/index.php?rest_route=\/wp\/v2\/pages\/477\/revisions"}],"predecessor-version":[{"id":1426,"href":"https:\/\/sitioagatha.org\/index.php?rest_route=\/wp\/v2\/pages\/477\/revisions\/1426"}],"wp:featuredmedia":[{"embeddable":true,"href":"https:\/\/sitioagatha.org\/index.php?rest_route=\/wp\/v2\/media\/573"}],"wp:attachment":[{"href":"https:\/\/sitioagatha.org\/index.php?rest_route=%2Fwp%2Fv2%2Fmedia&parent=477"}],"curies":[{"name":"wp","href":"https:\/\/api.w.org\/{rel}","templated":true}]}}