{"id":1427,"date":"2026-03-19T15:12:01","date_gmt":"2026-03-19T15:12:01","guid":{"rendered":"https:\/\/sitioagatha.org\/?page_id=1427"},"modified":"2026-03-20T21:48:52","modified_gmt":"2026-03-20T21:48:52","slug":"transparencia","status":"publish","type":"page","link":"https:\/\/sitioagatha.org\/?page_id=1427","title":{"rendered":"Transpar\u00eancia"},"content":{"rendered":"\n<p>A Associa\u00e7\u00e3o S\u00edtio \u00c1gatha recebe apoio&nbsp;e repasses de fundos privados e \u00f3rg\u00e3os da administra\u00e7\u00e3o p\u00fablica atrav\u00e9s de Emendas Parlamentares. <\/p>\n\n\n\n<p>Suas demonstra\u00e7\u00f5es cont\u00e1beis s\u00e3o elaboradas em conson\u00e2ncia as pr\u00e1ticas do setor adotadas no Brasil, que compreendem as Resolu\u00e7\u00f5es do Conselho Federal de Contabilidade (CFC) e os pronunciamentos do Comit\u00ea de Pronunciamentos Cont\u00e1beis (CPC), estando em conformidade com as Normas Internacionais de Contabilidade (IFRS) emitidas pelo&nbsp;<em>International Accounting Standards Board<\/em>&nbsp;(IASB). Estas s\u00e3o preparadas, principalmente, de acordo com a ITG 2002 \u2013 Entidade sem finalidade de lucros, aprovada pela Resolu\u00e7\u00e3o n\u00ba 1.409, de 21 de setembro de 2012, pelo Comunicado T\u00e9cnico CTG 2000, aprovado pela Resolu\u00e7\u00e3o n\u00ba 1.159, de 13 de fevereiro de 2009, do CFC. <\/p>\n\n\n\n<p><\/p>\n\n\n\n<p><\/p>\n\n\n\n<div class=\"wp-container-6 wp-block-query\"><ul class=\"wp-container-5 wp-block-post-template\"><li class=\"wp-block-post post-1457 post type-post status-publish format-standard hentry category-transparencia\">\n\n<div class=\"wp-container-2 wp-block-columns are-vertically-aligned-center\">\n<div class=\"wp-container-1 wp-block-column is-vertically-aligned-center\" style=\"flex-basis:100%\"><h3 class=\"wp-block-post-title\"><a href=\"https:\/\/sitioagatha.org\/?p=1457\" target=\"_self\" rel=\"\">Procedimento para Compras, Contrata\u00e7\u00f5es e Pagamentos<\/a><\/h3><\/div>\n<\/div>\n\n<\/li><li class=\"wp-block-post post-1421 post type-post status-publish format-standard hentry category-transparencia\">\n\n<div class=\"wp-container-4 wp-block-columns are-vertically-aligned-center\">\n<div class=\"wp-container-3 wp-block-column is-vertically-aligned-center\" style=\"flex-basis:100%\"><h3 class=\"wp-block-post-title\"><a href=\"https:\/\/sitioagatha.org\/?p=1421\" target=\"_self\" rel=\"\">Conv\u00eanios, apoios e parcerias governamentais<\/a><\/h3><\/div>\n<\/div>\n\n<\/li><\/ul><\/div>\n","protected":false},"excerpt":{"rendered":"<p>A Associa\u00e7\u00e3o S\u00edtio \u00c1gatha recebe apoio&nbsp;e repasses de fundos privados e \u00f3rg\u00e3os da administra\u00e7\u00e3o p\u00fablica atrav\u00e9s de Emendas Parlamentares. Suas demonstra\u00e7\u00f5es cont\u00e1beis s\u00e3o elaboradas em conson\u00e2ncia as pr\u00e1ticas do setor adotadas no Brasil, que compreendem as Resolu\u00e7\u00f5es do Conselho Federal de Contabilidade (CFC) e os pronunciamentos do Comit\u00ea de Pronunciamentos Cont\u00e1beis (CPC), estando em conformidade com as Normas Internacionais de [&hellip;]<\/p>\n","protected":false},"author":1,"featured_media":472,"parent":0,"menu_order":0,"comment_status":"closed","ping_status":"closed","template":"","meta":[],"_links":{"self":[{"href":"https:\/\/sitioagatha.org\/index.php?rest_route=\/wp\/v2\/pages\/1427"}],"collection":[{"href":"https:\/\/sitioagatha.org\/index.php?rest_route=\/wp\/v2\/pages"}],"about":[{"href":"https:\/\/sitioagatha.org\/index.php?rest_route=\/wp\/v2\/types\/page"}],"author":[{"embeddable":true,"href":"https:\/\/sitioagatha.org\/index.php?rest_route=\/wp\/v2\/users\/1"}],"replies":[{"embeddable":true,"href":"https:\/\/sitioagatha.org\/index.php?rest_route=%2Fwp%2Fv2%2Fcomments&post=1427"}],"version-history":[{"count":14,"href":"https:\/\/sitioagatha.org\/index.php?rest_route=\/wp\/v2\/pages\/1427\/revisions"}],"predecessor-version":[{"id":1493,"href":"https:\/\/sitioagatha.org\/index.php?rest_route=\/wp\/v2\/pages\/1427\/revisions\/1493"}],"wp:featuredmedia":[{"embeddable":true,"href":"https:\/\/sitioagatha.org\/index.php?rest_route=\/wp\/v2\/media\/472"}],"wp:attachment":[{"href":"https:\/\/sitioagatha.org\/index.php?rest_route=%2Fwp%2Fv2%2Fmedia&parent=1427"}],"curies":[{"name":"wp","href":"https:\/\/api.w.org\/{rel}","templated":true}]}}